{"id":1040,"date":"2023-09-15T16:31:55","date_gmt":"2023-09-15T14:31:55","guid":{"rendered":"https:\/\/cazziani.com\/?page_id=1040"},"modified":"2023-09-16T06:15:53","modified_gmt":"2023-09-16T04:15:53","slug":"elementor-1040","status":"publish","type":"page","link":"https:\/\/cazziani.com\/index.php\/elementor-1040\/","title":{"rendered":"T\u00e9rminos y condiciones"},"content":{"rendered":"\t\t<div data-elementor-type=\"wp-page\" data-elementor-id=\"1040\" class=\"elementor elementor-1040\" data-elementor-post-type=\"page\">\n\t\t\t\t\t\t<section class=\"elementor-section elementor-top-section elementor-element elementor-element-81ee2ca elementor-section-boxed elementor-section-height-default elementor-section-height-default\" data-id=\"81ee2ca\" data-element_type=\"section\">\n\t\t\t\t\t\t<div class=\"elementor-container elementor-column-gap-default\">\n\t\t\t\t\t<div class=\"elementor-column elementor-col-100 elementor-top-column elementor-element elementor-element-a5897fd\" data-id=\"a5897fd\" data-element_type=\"column\">\n\t\t\t<div class=\"elementor-widget-wrap elementor-element-populated\">\n\t\t\t\t\t\t<div class=\"elementor-element elementor-element-fe08bb6 elementor-widget elementor-widget-heading\" data-id=\"fe08bb6\" data-element_type=\"widget\" data-widget_type=\"heading.default\">\n\t\t\t\t<div class=\"elementor-widget-container\">\n\t\t\t\t\t<h2 class=\"elementor-heading-title elementor-size-default\">T\u00c9RMINOS Y CONDICIONES DE PAGO Y ENV\u00cdO<\/h2>\t\t\t\t<\/div>\n\t\t\t\t<\/div>\n\t\t\t\t\t<\/div>\n\t\t<\/div>\n\t\t\t\t\t<\/div>\n\t\t<\/section>\n\t\t\t\t<section class=\"elementor-section elementor-top-section elementor-element elementor-element-53aef68 elementor-section-boxed elementor-section-height-default elementor-section-height-default\" data-id=\"53aef68\" data-element_type=\"section\">\n\t\t\t\t\t\t<div class=\"elementor-container elementor-column-gap-default\">\n\t\t\t\t\t<div class=\"elementor-column elementor-col-100 elementor-top-column elementor-element elementor-element-5f0091e\" data-id=\"5f0091e\" data-element_type=\"column\">\n\t\t\t<div class=\"elementor-widget-wrap elementor-element-populated\">\n\t\t\t\t\t\t<div class=\"elementor-element elementor-element-85ed293 elementor-widget__width-initial elementor-widget elementor-widget-text-editor\" data-id=\"85ed293\" data-element_type=\"widget\" data-widget_type=\"text-editor.default\">\n\t\t\t\t<div class=\"elementor-widget-container\">\n\t\t\t\t\t\t\t\t\t<p>1.- La tienda virtual de CAZZIANI requiere que nuestros clientes se identifiquen con su cuenta de correo y contrase\u00f1a antes de acceder a la compra. Si olvid\u00f3<br>estos datos deber\u00e1 hacer clic en \u201c\u00bfOlvid\u00f3 sus datos?\u201d.<\/p>\n<p>2.- El usuario de la tienda online de CAZZIANI, podr\u00e1 realizar el pago de sus compras bajo las siguientes modalidades:<br>Pago online con tarjetas Visa y MasterCard (d\u00e9bito y cr\u00e9dito), o a trav\u00e9s del aplicativo Yape, en este \u00faltimo m\u00e9todo de pago el cliente deber\u00e1 enviar la<br>confirmaci\u00f3n de pago al n\u00famero de WhatsApp +51957784174. Se aplican restricciones en montos m\u00e1ximos seg\u00fan las reglas establecidas por cada<br>entidad financiera (para m\u00e1s informaci\u00f3n ver web de cada una de estas entidades).<\/p>\n<p>3.- Tambi\u00e9n puede solicitar esta informaci\u00f3n a trav\u00e9s de nuestra ** Central de Atenci\u00f3n al Cliente: +51957784174<\/p>\n<p>4.- La tienda virtual de CAZZIANI atiende el ingreso de pedidos las 24 horas del d\u00eda \/ los 7 d\u00edas de la semana, pero el despacho de los pedidos es con hora de corte hasta las 4 pm, cualquier pedido realizado pasada la hora de corte se tomar\u00e1 como ingreso el d\u00eda h\u00e1bil siguiente y asimismo se proceder\u00e1 a realizar<br>la facturaci\u00f3n correspondiente del pedido.<\/p>\n<p>5.- El horario de reparto es en el transcurso del d\u00eda: 11am a 7pm. El tiempo de entrega es de acuerdo a lugar de destino. Promedio de entrega: Lima 2 a 5<br>d\u00edas h\u00e1biles, Provincia de 5 a 12 d\u00edas h\u00e1biles con posible demora por la coyuntura de bloqueo de carreteras, o fen\u00f3menos naturales (huaycos)<\/p>\n<p>6.- En caso el cliente no se encuentre en la direcci\u00f3n de entrega. Se notificar\u00e1 y coordinar\u00e1 la nueva fecha de entrega.<\/p>\n<p>7.- La tienda virtual de CAZZIANI. no realiza env\u00edos fuera del Per\u00fa.<\/p>\n<p>8.- El destinatario del pedido debe contar con el n\u00famero telef\u00f3nico que registr\u00f3 para coordinar la entrega (hora, lugar de direcci\u00f3n, persona que recibir\u00e1 el<br>pedido, identificaci\u00f3n del receptor, etc.).<\/p>\n<p>9.- CAZZIANI se reserva el derecho de interrumpir el servicio de la tienda virtual ya sea temporal o permanentemente sin previo aviso o consentimiento<br>de nuestros clientes.<\/p>\n<p>10.- Los colores y fotos de los productos en la tienda virtual s\u00f3lo son referenciales y pueden variar ligeramente con respecto al producto f\u00edsico<\/p>\n<p>11.- El tiempo de env\u00edo a Lima y Provincias se podr\u00e1 extender dependiendo de la coyuntura actual del pa\u00eds y\/o las disposiciones que realice el gobierno.<\/p>\n<p>12.- Tener en cuenta que el costo de env\u00edo ser\u00e1 asumido por el cliente, la empresa responsable para Lima Metropolitana, ser\u00e1 entregado por la empresa<br>DINSIDES COURIER, las zonas de cobertura y tarifario ser\u00e1n las siguientes:<\/p>\t\t\t\t\t\t\t\t<\/div>\n\t\t\t\t<\/div>\n\t\t\t\t\t<\/div>\n\t\t<\/div>\n\t\t\t\t\t<\/div>\n\t\t<\/section>\n\t\t\t\t<section class=\"elementor-section elementor-top-section elementor-element elementor-element-dbcfbc2 elementor-section-boxed elementor-section-height-default elementor-section-height-default\" data-id=\"dbcfbc2\" data-element_type=\"section\">\n\t\t\t\t\t\t<div class=\"elementor-container elementor-column-gap-default\">\n\t\t\t\t\t<div class=\"elementor-column elementor-col-100 elementor-top-column elementor-element elementor-element-7a045a5\" data-id=\"7a045a5\" data-element_type=\"column\">\n\t\t\t<div class=\"elementor-widget-wrap elementor-element-populated\">\n\t\t\t\t\t\t<div class=\"elementor-element elementor-element-7880d1e elementor-widget elementor-widget-text-editor\" data-id=\"7880d1e\" data-element_type=\"widget\" data-widget_type=\"text-editor.default\">\n\t\t\t\t<div class=\"elementor-widget-container\">\n\t\t\t\t\t\t\t\t\t<table width=\"560\">\n<tbody>\n<tr>\n<td width=\"215\">\n<p><strong>Z0NAS DE COBERTURA <br>TARIFA DESDE S\/ 8.00 <br>MEDIDA:30x20x15CM<\/strong><\/p>\n<\/td>\n<td width=\"80\">&nbsp;<\/td>\n<td width=\"265\">\n<p><strong>ENTREGAS EN DISTRITOS ALEJADOS LUNES &#8211; MIERCOLES &#8211; VIERNES, TARIFAS:<\/strong><\/p>\n<\/td>\n<\/tr>\n<tr>\n<td width=\"215\">\n<p><strong>ATE<\/strong><\/p>\n<\/td>\n<td width=\"80\">&nbsp;<\/td>\n<td width=\"265\">\n<p><strong>VENTANILLA<\/strong><strong> (10 SOLES )<\/strong><\/p>\n<\/td>\n<\/tr>\n<tr>\n<td width=\"215\">\n<p><strong>BARRANCO<\/strong><\/p>\n<\/td>\n<td width=\"80\">&nbsp;<\/td>\n<td width=\"265\">\n<p><strong>HUACHIPA<\/strong><strong> ( 12 SOLES )<\/strong><\/p>\n<\/td>\n<\/tr>\n<tr>\n<td width=\"215\">\n<p><strong>BELLAVISTA<\/strong><\/p>\n<\/td>\n<td width=\"80\">&nbsp;<\/td>\n<td width=\"265\">\n<p><strong>LURIN<\/strong><strong> ( 12 SOLES )<\/strong><\/p>\n<\/td>\n<\/tr>\n<tr>\n<td width=\"215\">\n<p><strong>BRE\u00d1A<\/strong><\/p>\n<\/td>\n<td width=\"80\">&nbsp;<\/td>\n<td width=\"265\">\n<p><strong>ANCON<\/strong><strong> ( 14 SOLES )<\/strong><\/p>\n<\/td>\n<\/tr>\n<tr>\n<td width=\"215\">\n<p><strong>CALLAO<\/strong><\/p>\n<\/td>\n<td width=\"80\">&nbsp;<\/td>\n<td width=\"265\">\n<p><strong>CHACLACAYO<\/strong><strong> ( 14 SOLES )<\/strong><\/p>\n<\/td>\n<\/tr>\n<tr>\n<td width=\"215\">\n<p><strong>CERCADO DE LIMA<\/strong><\/p>\n<\/td>\n<td width=\"80\">&nbsp;<\/td>\n<td width=\"265\">\n<p><strong>PUNTA HERMOSA<\/strong><strong> ( 14 SOLES )<\/strong><\/p>\n<\/td>\n<\/tr>\n<tr>\n<td width=\"215\">\n<p><strong>CARMEN DE LA LEGUA<\/strong><\/p>\n<\/td>\n<td width=\"80\">&nbsp;<\/td>\n<td width=\"265\">\n<p><strong>SANTA ROSA <\/strong><strong>( 14 SOLES )<\/strong><\/p>\n<\/td>\n<\/tr>\n<tr>\n<td width=\"215\">\n<p><strong>CHORRILLOS<\/strong><\/p>\n<\/td>\n<td width=\"80\">&nbsp;<\/td>\n<td width=\"265\">\n<p><strong>PUNTA NEGRA<\/strong><strong> ( 18 SOLES )<\/strong><\/p>\n<\/td>\n<\/tr>\n<tr>\n<td width=\"215\">\n<p><strong>INDEPENDENCIA<\/strong><\/p>\n<\/td>\n<td width=\"80\">&nbsp;<\/td>\n<td width=\"265\">\n<p><strong>SAN BARTOLO<\/strong><strong> ( 20 SOLES )<\/strong><\/p>\n<\/td>\n<\/tr>\n<tr>\n<td width=\"215\">\n<p><strong>JESUS MARIA<\/strong><\/p>\n<\/td>\n<td width=\"80\">&nbsp;<\/td>\n<td width=\"265\">\n<p><strong>CHOSICA <\/strong><strong>( 20 SOLES hasta la plaza de armas )<\/strong><\/p>\n<\/td>\n<\/tr>\n<tr>\n<td width=\"215\">\n<p><strong>LA MOLINA<\/strong><\/p>\n<\/td>\n<td width=\"80\">&nbsp;<\/td>\n<td width=\"265\">&nbsp;<\/td>\n<\/tr>\n<tr>\n<td width=\"215\">\n<p><strong>LA PERLA<\/strong><\/p>\n<\/td>\n<td width=\"80\">&nbsp;<\/td>\n<td width=\"265\">&nbsp;<\/td>\n<\/tr>\n<tr>\n<td width=\"215\">\n<p><strong>LA PUNTA<\/strong><\/p>\n<\/td>\n<td width=\"80\">&nbsp;<\/td>\n<td width=\"265\">&nbsp;<\/td>\n<\/tr>\n<tr>\n<td width=\"215\">\n<p><strong>LA VICTORIA<\/strong><\/p>\n<\/td>\n<td width=\"80\">&nbsp;<\/td>\n<td width=\"265\">&nbsp;<\/td>\n<\/tr>\n<tr>\n<td width=\"215\">\n<p><strong>LINCE<\/strong><\/p>\n<\/td>\n<td width=\"80\">&nbsp;<\/td>\n<td width=\"265\">&nbsp;<\/td>\n<\/tr>\n<tr>\n<td width=\"215\">\n<p><strong>LOS OLIVOS<\/strong><\/p>\n<\/td>\n<td width=\"80\">&nbsp;<\/td>\n<td width=\"265\">&nbsp;<\/td>\n<\/tr>\n<tr>\n<td width=\"215\">\n<p><strong>MAGDALENA<\/strong><\/p>\n<\/td>\n<td width=\"80\">&nbsp;<\/td>\n<td width=\"265\">&nbsp;<\/td>\n<\/tr>\n<tr>\n<td width=\"215\">\n<p><strong>MIRAFLORES<\/strong><\/p>\n<\/td>\n<td width=\"80\">&nbsp;<\/td>\n<td width=\"265\">&nbsp;<\/td>\n<\/tr>\n<tr>\n<td width=\"215\">\n<p><strong>PUEBLO LIBRE<\/strong><\/p>\n<\/td>\n<td width=\"80\">&nbsp;<\/td>\n<td width=\"265\">&nbsp;<\/td>\n<\/tr>\n<tr>\n<td width=\"215\">\n<p><strong>RIMAC<\/strong><\/p>\n<\/td>\n<td width=\"80\">&nbsp;<\/td>\n<td width=\"265\">&nbsp;<\/td>\n<\/tr>\n<tr>\n<td width=\"215\">\n<p><strong>SAN BORJA<\/strong><\/p>\n<\/td>\n<td width=\"80\">&nbsp;<\/td>\n<td width=\"265\">&nbsp;<\/td>\n<\/tr>\n<tr>\n<td width=\"215\">\n<p><strong>SAN ISIDRO<\/strong><\/p>\n<\/td>\n<td width=\"80\">&nbsp;<\/td>\n<td width=\"265\">&nbsp;<\/td>\n<\/tr>\n<tr>\n<td width=\"215\">\n<p><strong>SAN JUAN DE LURIGANCHO<\/strong><\/p>\n<\/td>\n<td width=\"80\">&nbsp;<\/td>\n<td width=\"265\">&nbsp;<\/td>\n<\/tr>\n<tr>\n<td width=\"215\">\n<p><strong>SAN JUAN DE MIRAFLORES<\/strong><\/p>\n<\/td>\n<td width=\"80\">&nbsp;<\/td>\n<td width=\"265\">&nbsp;<\/td>\n<\/tr>\n<tr>\n<td width=\"215\">\n<p><strong>SAN LUIS<\/strong><\/p>\n<\/td>\n<td width=\"80\">&nbsp;<\/td>\n<td width=\"265\">&nbsp;<\/td>\n<\/tr>\n<tr>\n<td width=\"215\">\n<p><strong>SAN MARTIN DE PORRES<\/strong><\/p>\n<\/td>\n<td width=\"80\">&nbsp;<\/td>\n<td width=\"265\">&nbsp;<\/td>\n<\/tr>\n<tr>\n<td width=\"215\">\n<p><strong>SAN MIGUEL<\/strong><\/p>\n<\/td>\n<td width=\"80\">&nbsp;<\/td>\n<td width=\"265\">&nbsp;<\/td>\n<\/tr>\n<tr>\n<td width=\"215\">\n<p><strong>SANTA ANITA<\/strong><\/p>\n<\/td>\n<td width=\"80\">&nbsp;<\/td>\n<td width=\"265\">&nbsp;<\/td>\n<\/tr>\n<tr>\n<td width=\"215\">\n<p><strong>SANTIAGO DE SURCO<\/strong><\/p>\n<\/td>\n<td width=\"80\">&nbsp;<\/td>\n<td width=\"265\">&nbsp;<\/td>\n<\/tr>\n<tr>\n<td width=\"215\">\n<p><strong>SURQUILLO<\/strong><\/p>\n<\/td>\n<td width=\"80\">&nbsp;<\/td>\n<td width=\"265\">&nbsp;<\/td>\n<\/tr>\n<tr>\n<td width=\"215\">\n<p><strong>COMAS <\/strong><strong>(NO COLLIQUE )<\/strong><\/p>\n<\/td>\n<td width=\"80\">&nbsp;<\/td>\n<td width=\"265\">&nbsp;<\/td>\n<\/tr>\n<tr>\n<td width=\"215\">\n<p><strong>EL AGUSTINO<\/strong><strong> ( En caso de que el lugar sea zona roja, se entregar\u00e1 en la municipalidad de dicho distrito)<\/strong><\/p>\n<\/td>\n<td width=\"80\">&nbsp;<\/td>\n<td width=\"265\">&nbsp;<\/td>\n<\/tr>\n<\/tbody>\n<\/table>\t\t\t\t\t\t\t\t<\/div>\n\t\t\t\t<\/div>\n\t\t\t\t\t<\/div>\n\t\t<\/div>\n\t\t\t\t\t<\/div>\n\t\t<\/section>\n\t\t\t\t<section class=\"elementor-section elementor-top-section elementor-element elementor-element-376f62c elementor-section-boxed elementor-section-height-default elementor-section-height-default\" data-id=\"376f62c\" data-element_type=\"section\">\n\t\t\t\t\t\t<div class=\"elementor-container elementor-column-gap-default\">\n\t\t\t\t\t<div class=\"elementor-column elementor-col-100 elementor-top-column elementor-element elementor-element-d2b2031\" data-id=\"d2b2031\" data-element_type=\"column\">\n\t\t\t<div class=\"elementor-widget-wrap elementor-element-populated\">\n\t\t\t\t\t\t<div class=\"elementor-element elementor-element-055c6c2 elementor-widget elementor-widget-text-editor\" data-id=\"055c6c2\" data-element_type=\"widget\" data-widget_type=\"text-editor.default\">\n\t\t\t\t<div class=\"elementor-widget-container\">\n\t\t\t\t\t\t\t\t\t<p>13.- El tarifario es desde S\/ 8.00, la medida est\u00e1ndar del paquete es de 30x20x15cm 0 1,5kg, pasada las medidas y el peso el costo de env\u00edo puede variar, en distintos alejados los costos est\u00e1n diferenciados por la distancia y pueden variar el costo si sobrepasa la medida estandar.<\/p><p>14.- Para provincia el env\u00edo se realizar\u00e1 a trav\u00e9s de la empresa SHALOM, el costo ser\u00e1 asumido directamente por el cliente.<\/p><p>15.- La empresa responsable para provincia, aplicar\u00e1 el costo de acuerdo al peso y medida del paquete.\u00a0<\/p>\t\t\t\t\t\t\t\t<\/div>\n\t\t\t\t<\/div>\n\t\t\t\t\t<\/div>\n\t\t<\/div>\n\t\t\t\t\t<\/div>\n\t\t<\/section>\n\t\t\t\t<section class=\"elementor-section elementor-top-section elementor-element elementor-element-1e75909 elementor-section-boxed elementor-section-height-default elementor-section-height-default\" data-id=\"1e75909\" data-element_type=\"section\">\n\t\t\t\t\t\t<div class=\"elementor-container elementor-column-gap-default\">\n\t\t\t\t\t<div class=\"elementor-column elementor-col-100 elementor-top-column elementor-element elementor-element-b95db71\" data-id=\"b95db71\" data-element_type=\"column\">\n\t\t\t<div class=\"elementor-widget-wrap elementor-element-populated\">\n\t\t\t\t\t\t<div class=\"elementor-element elementor-element-2346c66 elementor-widget elementor-widget-heading\" data-id=\"2346c66\" data-element_type=\"widget\" data-widget_type=\"heading.default\">\n\t\t\t\t<div class=\"elementor-widget-container\">\n\t\t\t\t\t<h2 class=\"elementor-heading-title elementor-size-default\">POL\u00cdTICAS DE CAMBIO Y DEVOLUCIONES<\/h2>\t\t\t\t<\/div>\n\t\t\t\t<\/div>\n\t\t\t\t\t<\/div>\n\t\t<\/div>\n\t\t\t\t\t<\/div>\n\t\t<\/section>\n\t\t\t\t<section class=\"elementor-section elementor-top-section elementor-element elementor-element-3c0ef13 elementor-section-boxed elementor-section-height-default elementor-section-height-default\" data-id=\"3c0ef13\" data-element_type=\"section\">\n\t\t\t\t\t\t<div class=\"elementor-container elementor-column-gap-default\">\n\t\t\t\t\t<div class=\"elementor-column elementor-col-100 elementor-top-column elementor-element elementor-element-8f4fe9c\" data-id=\"8f4fe9c\" data-element_type=\"column\">\n\t\t\t<div class=\"elementor-widget-wrap elementor-element-populated\">\n\t\t\t\t\t\t<div class=\"elementor-element elementor-element-c4119f1 elementor-widget elementor-widget-text-editor\" data-id=\"c4119f1\" data-element_type=\"widget\" data-widget_type=\"text-editor.default\">\n\t\t\t\t<div class=\"elementor-widget-container\">\n\t\t\t\t\t\t\t\t\t<p>S\u00f3lo se aceptar\u00e1n cambios o devoluciones si el producto presenta inconvenientes de calidad, en el caso de zapatos y correas podr\u00e1 realizar solo cambio de talla, los cambios se realizar\u00e1n \u00fanicamente para productos de etiqueta, no se aceptan cambios ni devoluciones en productos con descuento (salvo casos de defectos de f\u00e1brica comprobados).<\/p><p><br \/>En caso de los relojes el cambio se podr\u00e1 realizar por calidad de maquinaria (que no funcione), la garant\u00eda ser\u00e1 por 3 meses. Para el cambio el producto deber\u00e1 contar con el empaque original y estar en buen estado.<\/p><p><br \/>No se aceptan productos que presenten signos de haber sido usados y manipulados, la garant\u00eda no cubre el mal uso del cliente.<br \/>El cambio de un producto solo se realizar\u00e1 por el mismo producto y por el mismo color, no se puede cambiar por otro producto, Ejemplo, no se puede cambiar un zapato por joya u otro modelo de zapato, o un reloj por una correa, etc.<\/p><p><br \/>Para encontrar tu talla ideal obtendr\u00e1s una tabla de medidas dentro de los productos a comprar web cazziani.com (categor\u00eda zapatos y accesorios producto correas, en bolsos y morrales obtendr\u00e1s las medidas dentro de la descripci\u00f3n del producto)<\/p><p><br \/>En caso se procese un cambio de talla solo ser\u00e1 por \u00fanica vez y por el mismo producto, no se hace devoluci\u00f3n de dinero.<br \/>Para realizar el cambio tienes 7 d\u00edas h\u00e1biles, contados desde la fecha que recibi\u00f3 el producto en Lima y en Provincias.<\/p><p><br \/>Para realizar la solicitud del cambio deber\u00e1 escribirnos al correo: ventas@cazziani.com<\/p><p>\u00a0<br \/>Debe enviar fotos del producto al WhatsApp: 957784174, una vez aprobado el cambio, proceder a enviar el producto(s) a la direcci\u00f3n que ser\u00e1 indicada al n\u00famero de WhatsApp del cliente, donde ser\u00e1 revisado y evaluado por un plazo m\u00e1ximo de 2 d\u00edas h\u00e1biles.<\/p><p><br \/>Despu\u00e9s de que se valide el estado del producto que lleg\u00f3 a nuestra oficina, se proceder\u00e1 a otorgarle el cambio, caso contrario se devolver\u00e1 en el mismo estado en el que lleg\u00f3.<\/p><p><br \/>El producto se enviar\u00e1 a la direcci\u00f3n indicada.<\/p><p><br \/>La empresa no se hace responsable por el pago del flete de retorno y env\u00edo del producto, siendo el cliente quien asume el costo de servicio log\u00edstico.<\/p><p><br \/>Atenci\u00f3n al Cliente puede tomarse hasta 2 d\u00edas h\u00e1biles en dar conformidad del cambio solicitado<\/p><p><br \/>Los productos comprados en campa\u00f1as especiales no aplican a cambios de modelos, de talla ni reembolsos (salvo casos de defectos de f\u00e1brica comprobados).<\/p><p><br \/>Tener en cuenta que en Salud y Bienestar de 4life, no se aceptan cambios ni devoluciones, al menos que haya un error en el env\u00edo del producto (es decir, se envi\u00f3 un producto por otro que no fue solicitado).<\/p><p><br \/>No se acepta cambios ni devoluciones de joyer\u00eda, ya que los productos est\u00e1n elaborados en plata 950 de alta calidad, se procesar\u00e1 con el cambio siempre en cuando haya error de env\u00edo<\/p>\t\t\t\t\t\t\t\t<\/div>\n\t\t\t\t<\/div>\n\t\t\t\t\t<\/div>\n\t\t<\/div>\n\t\t\t\t\t<\/div>\n\t\t<\/section>\n\t\t\t\t<\/div>\n\t\t","protected":false},"excerpt":{"rendered":"<p>T\u00c9RMINOS Y CONDICIONES DE PAGO Y ENV\u00cdO 1.- La tienda virtual de CAZZIANI requiere que nuestros clientes se identifiquen con su cuenta de correo y contrase\u00f1a antes de acceder a la compra. Si olvid\u00f3estos datos deber\u00e1 hacer clic en \u201c\u00bfOlvid\u00f3 sus datos?\u201d. 2.- El usuario de la tienda online de CAZZIANI, podr\u00e1 realizar el pago [&hellip;]<\/p>\n","protected":false},"author":1,"featured_media":0,"parent":0,"menu_order":0,"comment_status":"closed","ping_status":"closed","template":"","meta":{"_joinchat":[],"footnotes":""},"class_list":["post-1040","page","type-page","status-publish","hentry"],"_links":{"self":[{"href":"https:\/\/cazziani.com\/index.php\/wp-json\/wp\/v2\/pages\/1040","targetHints":{"allow":["GET"]}}],"collection":[{"href":"https:\/\/cazziani.com\/index.php\/wp-json\/wp\/v2\/pages"}],"about":[{"href":"https:\/\/cazziani.com\/index.php\/wp-json\/wp\/v2\/types\/page"}],"author":[{"embeddable":true,"href":"https:\/\/cazziani.com\/index.php\/wp-json\/wp\/v2\/users\/1"}],"replies":[{"embeddable":true,"href":"https:\/\/cazziani.com\/index.php\/wp-json\/wp\/v2\/comments?post=1040"}],"version-history":[{"count":35,"href":"https:\/\/cazziani.com\/index.php\/wp-json\/wp\/v2\/pages\/1040\/revisions"}],"predecessor-version":[{"id":1186,"href":"https:\/\/cazziani.com\/index.php\/wp-json\/wp\/v2\/pages\/1040\/revisions\/1186"}],"wp:attachment":[{"href":"https:\/\/cazziani.com\/index.php\/wp-json\/wp\/v2\/media?parent=1040"}],"curies":[{"name":"wp","href":"https:\/\/api.w.org\/{rel}","templated":true}]}}