{"id":1114,"date":"2023-09-15T20:36:59","date_gmt":"2023-09-15T18:36:59","guid":{"rendered":"https:\/\/cazziani.com\/?page_id=1114"},"modified":"2023-09-16T06:08:57","modified_gmt":"2023-09-16T04:08:57","slug":"nosotros","status":"publish","type":"page","link":"https:\/\/cazziani.com\/index.php\/nosotros\/","title":{"rendered":"\u00bfQUIENES SOMOS?"},"content":{"rendered":"\t\t<div data-elementor-type=\"wp-page\" data-elementor-id=\"1114\" class=\"elementor elementor-1114\" data-elementor-post-type=\"page\">\n\t\t\t\t\t\t<section class=\"elementor-section elementor-top-section elementor-element elementor-element-56ec80f elementor-section-boxed elementor-section-height-default elementor-section-height-default\" data-id=\"56ec80f\" data-element_type=\"section\">\n\t\t\t\t\t\t<div class=\"elementor-container elementor-column-gap-default\">\n\t\t\t\t\t<div class=\"elementor-column elementor-col-100 elementor-top-column elementor-element elementor-element-8826ac4\" data-id=\"8826ac4\" data-element_type=\"column\">\n\t\t\t<div class=\"elementor-widget-wrap elementor-element-populated\">\n\t\t\t\t\t\t<div class=\"elementor-element elementor-element-db0b314 elementor-widget elementor-widget-text-editor\" data-id=\"db0b314\" data-element_type=\"widget\" data-widget_type=\"text-editor.default\">\n\t\t\t\t<div class=\"elementor-widget-container\">\n\t\t\t\t\t\t\t\t\t<p>Cazziani es una l\u00ednea dedicada a la moda masculina, que brinda productos de calidad que te har\u00e1n lucir elegante, y con nuestra l\u00ednea de Salud y Bienestar de 4life Factor de transferencia obtendr\u00e1s beneficios que te har\u00e1n sentir bien por dentro.<\/p><p><strong>MISION<\/strong><br \/>Nuestro compromiso es ofrecer a nuestro p\u00fablico una gran variedad de productos con dise\u00f1os modernos de acorde a las nuevas tendencias, contando con un control de calidad que nos permite comercializar productos de alto valor para nuestros clientes.<\/p><p><strong>VISION<\/strong><br \/>Consolidar una empresa l\u00edder y competitivo en el mercado que contribuya al bienestar integral de los clientes.<\/p>\t\t\t\t\t\t\t\t<\/div>\n\t\t\t\t<\/div>\n\t\t\t\t\t<\/div>\n\t\t<\/div>\n\t\t\t\t\t<\/div>\n\t\t<\/section>\n\t\t\t\t<\/div>\n\t\t","protected":false},"excerpt":{"rendered":"<p>Cazziani es una l\u00ednea dedicada a la moda masculina, que brinda productos de calidad que te har\u00e1n lucir elegante, y con nuestra l\u00ednea de Salud y Bienestar de 4life Factor de transferencia obtendr\u00e1s beneficios que te har\u00e1n sentir bien por dentro. MISIONNuestro compromiso es ofrecer a nuestro p\u00fablico una gran variedad de productos con dise\u00f1os [&hellip;]<\/p>\n","protected":false},"author":1,"featured_media":0,"parent":0,"menu_order":0,"comment_status":"closed","ping_status":"closed","template":"","meta":{"_joinchat":[],"footnotes":""},"class_list":["post-1114","page","type-page","status-publish","hentry"],"_links":{"self":[{"href":"https:\/\/cazziani.com\/index.php\/wp-json\/wp\/v2\/pages\/1114","targetHints":{"allow":["GET"]}}],"collection":[{"href":"https:\/\/cazziani.com\/index.php\/wp-json\/wp\/v2\/pages"}],"about":[{"href":"https:\/\/cazziani.com\/index.php\/wp-json\/wp\/v2\/types\/page"}],"author":[{"embeddable":true,"href":"https:\/\/cazziani.com\/index.php\/wp-json\/wp\/v2\/users\/1"}],"replies":[{"embeddable":true,"href":"https:\/\/cazziani.com\/index.php\/wp-json\/wp\/v2\/comments?post=1114"}],"version-history":[{"count":11,"href":"https:\/\/cazziani.com\/index.php\/wp-json\/wp\/v2\/pages\/1114\/revisions"}],"predecessor-version":[{"id":1177,"href":"https:\/\/cazziani.com\/index.php\/wp-json\/wp\/v2\/pages\/1114\/revisions\/1177"}],"wp:attachment":[{"href":"https:\/\/cazziani.com\/index.php\/wp-json\/wp\/v2\/media?parent=1114"}],"curies":[{"name":"wp","href":"https:\/\/api.w.org\/{rel}","templated":true}]}}