{"id":584,"date":"2023-08-30T23:50:29","date_gmt":"2023-08-30T21:50:29","guid":{"rendered":"https:\/\/cazziani.com\/?post_type=product&#038;p=584"},"modified":"2023-09-16T06:27:35","modified_gmt":"2023-09-16T04:27:35","slug":"reloj-wwoor-con-cronografo-black-golden","status":"publish","type":"product","link":"https:\/\/cazziani.com\/index.php\/product\/reloj-wwoor-con-cronografo-black-golden\/","title":{"rendered":"RELOJ LUXURY SILVER BLUE, TIPO CHARM DE LUJO, DEPORTE Y NEGOCIO"},"content":{"rendered":"<p>Reloj luxury silver blue, tipo charm de lujo, deporte y negocio<br \/>\nMaterial: aleaci\u00f3n con acero inoxidable<br \/>\nMarca: Wwoor<br \/>\nMovimiento de cuarto Japones<br \/>\nResistente al agua 3atm<br \/>\nBater\u00eda: Japones<br \/>\nCaracter\u00edsticas:<br \/>\n-Fecha autom\u00e1tica<br \/>\n-Cron\u00f3grafo<br \/>\n-Calendario completo<br \/>\n-D\u00eda y noche<br \/>\n-Puls\u00f3metro<br \/>\n-Resistente al agua<br \/>\n-Impermeable<br \/>\n-Resistente\u00a0 al golpe<br \/>\n-Visualizaci\u00f3n de la semana<\/p>\n<p>Medidas: Diametro de la esfera: 40mm<br \/>\nBanda Ancha: 20mm<br \/>\nGrueso del Caso: 11mm<\/p>\n","protected":false},"excerpt":{"rendered":"<p>Reloj luxury silver blue, tipo charm de lujo, deporte y negocio Material: aleaci\u00f3n con acero inoxidable Marca: Wwoor Movimiento de cuarto Japones Resistente al agua 3atm Bater\u00eda: Japones Caracter\u00edsticas: -Fecha autom\u00e1tica -Cron\u00f3grafo -Calendario completo -D\u00eda y noche -Puls\u00f3metro -Resistente al agua -Impermeable -Resistente\u00a0 al golpe -Visualizaci\u00f3n de la semana Medidas: Diametro de la esfera: 40mm [&hellip;]<\/p>\n","protected":false},"featured_media":582,"comment_status":"open","ping_status":"closed","template":"","meta":{"_joinchat":[]},"product_cat":[36],"product_tag":[],"class_list":["post-584","product","type-product","status-publish","has-post-thumbnail","hentry","product_cat-accesorios","pa_color-marron","pa_color-negro"],"_links":{"self":[{"href":"https:\/\/cazziani.com\/index.php\/wp-json\/wp\/v2\/product\/584","targetHints":{"allow":["GET"]}}],"collection":[{"href":"https:\/\/cazziani.com\/index.php\/wp-json\/wp\/v2\/product"}],"about":[{"href":"https:\/\/cazziani.com\/index.php\/wp-json\/wp\/v2\/types\/product"}],"replies":[{"embeddable":true,"href":"https:\/\/cazziani.com\/index.php\/wp-json\/wp\/v2\/comments?post=584"}],"version-history":[{"count":7,"href":"https:\/\/cazziani.com\/index.php\/wp-json\/wp\/v2\/product\/584\/revisions"}],"predecessor-version":[{"id":769,"href":"https:\/\/cazziani.com\/index.php\/wp-json\/wp\/v2\/product\/584\/revisions\/769"}],"wp:featuredmedia":[{"embeddable":true,"href":"https:\/\/cazziani.com\/index.php\/wp-json\/wp\/v2\/media\/582"}],"wp:attachment":[{"href":"https:\/\/cazziani.com\/index.php\/wp-json\/wp\/v2\/media?parent=584"}],"wp:term":[{"taxonomy":"product_cat","embeddable":true,"href":"https:\/\/cazziani.com\/index.php\/wp-json\/wp\/v2\/product_cat?post=584"},{"taxonomy":"product_tag","embeddable":true,"href":"https:\/\/cazziani.com\/index.php\/wp-json\/wp\/v2\/product_tag?post=584"}],"curies":[{"name":"wp","href":"https:\/\/api.w.org\/{rel}","templated":true}]}}