{"id":76,"date":"2023-08-20T08:32:27","date_gmt":"2023-08-20T06:32:27","guid":{"rendered":"https:\/\/cazziani.com\/?post_type=product&#038;p=76"},"modified":"2023-11-11T17:01:09","modified_gmt":"2023-11-11T16:01:09","slug":"relojes-elegantes","status":"publish","type":"product","link":"https:\/\/cazziani.com\/index.php\/product\/relojes-elegantes\/","title":{"rendered":"RELOJ BLACK GOLDEN CON CRON\u00d3GRAFO, ELEGANTE PARA NEGOCIOS Y DEPORTE"},"content":{"rendered":"<p>Reloj con cron\u00f3grafo black golden<br \/>\nMaca: Wwoor<br \/>\nDise\u00f1o: elegante para negocio de lujo<br \/>\nMaterial: de aleaci\u00f3n con acero inoxidable<br \/>\nResistente al agua 3atm, a prueba de agua<br \/>\nTipo de movimiento: movimiento cuarzo.<br \/>\nCaracter\u00edsticas:<br \/>\n-Fecha autom\u00e1tica<br \/>\n-Calendario completo<br \/>\n-d\u00eda y fecha<br \/>\n-impermeable<br \/>\n-luminoso<br \/>\n-medici\u00f3n de temperatura<br \/>\n-resistente a golpes<br \/>\nDiametro de la esfera: 45mm<br \/>\nBanda Ancha: 22mm<br \/>\nGrueso del caso: 11mm<\/p>\n","protected":false},"excerpt":{"rendered":"<p>Reloj con cron\u00f3grafo black golden Maca: Wwoor Dise\u00f1o: elegante para negocio de lujo Material: de aleaci\u00f3n con acero inoxidable Resistente al agua 3atm, a prueba de agua Tipo de movimiento: movimiento cuarzo. Caracter\u00edsticas: -Fecha autom\u00e1tica -Calendario completo -d\u00eda y fecha -impermeable -luminoso -medici\u00f3n de temperatura -resistente a golpes Diametro de la esfera: 45mm Banda Ancha: [&hellip;]<\/p>\n","protected":false},"featured_media":77,"comment_status":"open","ping_status":"closed","template":"","meta":{"_joinchat":[]},"product_cat":[36],"product_tag":[],"class_list":["post-76","product","type-product","status-publish","has-post-thumbnail","hentry","product_cat-accesorios"],"_links":{"self":[{"href":"https:\/\/cazziani.com\/index.php\/wp-json\/wp\/v2\/product\/76","targetHints":{"allow":["GET"]}}],"collection":[{"href":"https:\/\/cazziani.com\/index.php\/wp-json\/wp\/v2\/product"}],"about":[{"href":"https:\/\/cazziani.com\/index.php\/wp-json\/wp\/v2\/types\/product"}],"replies":[{"embeddable":true,"href":"https:\/\/cazziani.com\/index.php\/wp-json\/wp\/v2\/comments?post=76"}],"version-history":[{"count":9,"href":"https:\/\/cazziani.com\/index.php\/wp-json\/wp\/v2\/product\/76\/revisions"}],"predecessor-version":[{"id":792,"href":"https:\/\/cazziani.com\/index.php\/wp-json\/wp\/v2\/product\/76\/revisions\/792"}],"wp:featuredmedia":[{"embeddable":true,"href":"https:\/\/cazziani.com\/index.php\/wp-json\/wp\/v2\/media\/77"}],"wp:attachment":[{"href":"https:\/\/cazziani.com\/index.php\/wp-json\/wp\/v2\/media?parent=76"}],"wp:term":[{"taxonomy":"product_cat","embeddable":true,"href":"https:\/\/cazziani.com\/index.php\/wp-json\/wp\/v2\/product_cat?post=76"},{"taxonomy":"product_tag","embeddable":true,"href":"https:\/\/cazziani.com\/index.php\/wp-json\/wp\/v2\/product_tag?post=76"}],"curies":[{"name":"wp","href":"https:\/\/api.w.org\/{rel}","templated":true}]}}