{"id":804,"date":"2023-09-07T00:58:22","date_gmt":"2023-09-06T22:58:22","guid":{"rendered":"https:\/\/cazziani.com\/?post_type=product&#038;p=804"},"modified":"2023-09-07T06:24:33","modified_gmt":"2023-09-07T04:24:33","slug":"pro-tf-sabor-vainilla","status":"publish","type":"product","link":"https:\/\/cazziani.com\/index.php\/product\/pro-tf-sabor-vainilla\/","title":{"rendered":"4LIFE TRANSFORM PRO &#8211; TF SABOR VAINILLA 783G"},"content":{"rendered":"<p>Detalles del producto<br \/>\nPRO-TF\u2122 contiene la mejor fuente de prote\u00edna para respaldar esos cambios significativos y ayudar a lograr los resultados que deseas. Con PRO-TF\u2122 Prote\u00edna y vive una vida \u00a1jovial y vibrante!.<\/p>\n<p>&#8216;P2992014E\/NA4LF<\/p>\n<p>Descripci\u00f3n<br \/>\nCon PRO-TF\u2122 Prote\u00edna y vive una vida \u00a1jovial y vibrante! Cada porci\u00f3n de una cucharada de PRO-TF\u2122 provee 10 gramos de la prote\u00edna, para promover un estilo de vida activo y una \u00f3ptima composici\u00f3n corporal. En cada porci\u00f3n PRO-TF te ofrece una fuente de prote\u00edna esencial para tu cuerpo, y 600 mg del exclusivo de 4Life Tri-Factor Formula\u00ae.<br \/>\nPRO-TF\u2122<br \/>\n\u2022 Desarrollo de la masa muscular<br \/>\n\u2022 Cada porci\u00f3n, aporta una fuente de prote\u00edna esencial para tu cuerpo adem\u00e1s de 600 mg de 4Life Tri-Factor Formula.<\/p>\n<p>\u00bfQui\u00e9n se beneficia con PRO-TF\u2122? \u00a1Todos! S\u00f3lo menciona tus objetivos.<br \/>\n\u2022 Desarrollar o conservar la masa muscular<br \/>\n\u2022 Mejorar el desempe\u00f1o deportivo y la recuperaci\u00f3n<br \/>\n\u2022 Verte y sentirte \u00a1fant\u00e1stico!<\/p>\n<p>&nbsp;<\/p>\n<p><strong>Modo de empleo:<\/strong><br \/>\nMezcla 1 porci\u00f3n en un vaso de 180 a 240ml de agua.<\/p>\n<p>&nbsp;<\/p>\n<p>PRO-TF\u2122 es una fuente de prote\u00edna para respaldar y ayudar a lograr \u00a1los resultados que deseas!<br \/>\nCaracteristicas<br \/>\n\u2022Es libre de lactosa<br \/>\n\u2022Libre de gluten<br \/>\n\u2022Contiene suero de leche y yema de huevo una formula altamente concentrada, y altamente hidrolizada (HDH), lo que la hace absorbible y f\u00e1cil de digerir.<br \/>\n\u2022S\u00f3lo aporta 70 calor\u00edas por porci\u00f3n<br \/>\n\u2022\u00a1Delicioso sabor a vainilla cremosa!<\/p>\n<p>Sab\u00edas que\u2026<br \/>\nLos seres humanos no podemos vivir sin prote\u00ednas, ellas dan estructura a nuestros cuerpos, desarrollan y protegen los m\u00fasculos. Cuando no consumes suficiente prote\u00edna, tu cuerpo la roba de tus m\u00fasculos. Adem\u00e1s, al envejecer perdemos masa muscular, por lo que son un elemento vital para respaldar el envejecimiento saludable.<br \/>\nInformaci\u00f3n Adicional<br \/>\nBaja aqu\u00ed el volante de PRO-TF<br \/>\nInformaci\u00f3n del Producto<br \/>\nRegulaci\u00f3n antidopaje para deportistas<\/p>\n","protected":false},"excerpt":{"rendered":"<p>Detalles del producto PRO-TF\u2122 contiene la mejor fuente de prote\u00edna para respaldar esos cambios significativos y ayudar a lograr los resultados que deseas. Con PRO-TF\u2122 Prote\u00edna y vive una vida \u00a1jovial y vibrante!. &#8216;P2992014E\/NA4LF Descripci\u00f3n Con PRO-TF\u2122 Prote\u00edna y vive una vida \u00a1jovial y vibrante! Cada porci\u00f3n de una cucharada de PRO-TF\u2122 provee 10 gramos [&hellip;]<\/p>\n","protected":false},"featured_media":805,"comment_status":"open","ping_status":"closed","template":"","meta":{"_joinchat":[]},"product_cat":[39],"product_tag":[],"class_list":["post-804","product","type-product","status-publish","has-post-thumbnail","hentry","product_cat-salud-y-bienestar"],"_links":{"self":[{"href":"https:\/\/cazziani.com\/index.php\/wp-json\/wp\/v2\/product\/804","targetHints":{"allow":["GET"]}}],"collection":[{"href":"https:\/\/cazziani.com\/index.php\/wp-json\/wp\/v2\/product"}],"about":[{"href":"https:\/\/cazziani.com\/index.php\/wp-json\/wp\/v2\/types\/product"}],"replies":[{"embeddable":true,"href":"https:\/\/cazziani.com\/index.php\/wp-json\/wp\/v2\/comments?post=804"}],"version-history":[{"count":15,"href":"https:\/\/cazziani.com\/index.php\/wp-json\/wp\/v2\/product\/804\/revisions"}],"predecessor-version":[{"id":882,"href":"https:\/\/cazziani.com\/index.php\/wp-json\/wp\/v2\/product\/804\/revisions\/882"}],"wp:featuredmedia":[{"embeddable":true,"href":"https:\/\/cazziani.com\/index.php\/wp-json\/wp\/v2\/media\/805"}],"wp:attachment":[{"href":"https:\/\/cazziani.com\/index.php\/wp-json\/wp\/v2\/media?parent=804"}],"wp:term":[{"taxonomy":"product_cat","embeddable":true,"href":"https:\/\/cazziani.com\/index.php\/wp-json\/wp\/v2\/product_cat?post=804"},{"taxonomy":"product_tag","embeddable":true,"href":"https:\/\/cazziani.com\/index.php\/wp-json\/wp\/v2\/product_tag?post=804"}],"curies":[{"name":"wp","href":"https:\/\/api.w.org\/{rel}","templated":true}]}}