{"id":817,"date":"2023-09-07T01:06:58","date_gmt":"2023-09-06T23:06:58","guid":{"rendered":"https:\/\/cazziani.com\/?post_type=product&#038;p=817"},"modified":"2024-07-10T01:46:26","modified_gmt":"2024-07-09T23:46:26","slug":"brn","status":"publish","type":"product","link":"https:\/\/cazziani.com\/index.php\/product\/brn\/","title":{"rendered":"4LIFE TRANSFORM BRN, FRASCO DE 80 UNIDADES"},"content":{"rendered":"<p>Detalles del producto<br \/>\nSuplemento diet\u00e9tico con ingredientes que contribuyen al metabolismo energ\u00e9tico normal y ayudan al equilibrio del peso corporal.<\/p>\n<p>Descripcion<br \/>\nBRN c\u00e1psula es un suplemento diet\u00e9tico en base a complejo de bioflavonoides c\u00edtricos (Citrus spp), extracto de ra\u00edz de Coleus Forkohlii (Coleus Forkohlii), extracto de semilla de Mango Africano (Irvingia gabonensis), extracto de fruto de piment\u00f3n (Capsicum annuum) y mezcla de complejo B (Niacinamida -Vitamina B3, Riboflavina &#8211; Vitamina B2, Tiamina Mononitrato-Vitamina B1, Piridoxina HCl-Vitamina B6).<\/p>\n<p>\u00bfSabi\u0301as que?<br \/>\n\u2022 El extracto de ra\u00edz de coleus forkohlii (Coleus forkohlii) contribuye con el equilibrio del peso corporal.<br \/>\n\u2022 El complejo de bioflavonoides c\u00edtricos (Citrus spp) aporta antioxidantes que participan en procesos fisiol\u00f3gicos contra los radicales libres disminuyendo o retardando el da\u00f1o oxidativo<br \/>\n\u2022 Las Vitaminas B1, B2, B3 y B6 contribuyen al metabolismo energ\u00e9tico normal.<br \/>\n\u2022 La Vitamina B1 cumple una funci\u00f3n importante en el metabolismo de los carbohidratos.<br \/>\n\u2022 La Vitamina B2 contribuye a la protecci\u00f3n de las c\u00e9lulas frente al da\u00f1o oxidativo (antioxidante).<br \/>\n\u2022 La Vitamina B3 ayuda a disminuir el cansancio y la fatiga.<br \/>\n\u2022 La Vitamina B6 contribuye a la s\u00edntesis normal de la ciste\u00edna, al metabolismo normal de la homociste\u00edna (amino\u00e1cido), al metabolismo normal de las prote\u00ednas y del gluc\u00f3geno.<\/p>\n<p>Modo de empleo:<br \/>\n-Consumir 2 capsulas, por dos veces al d\u00eda, 30 min antes de cada comida.<br \/>\n-Asegurarse de ingerir con un vaso de 240ml de agua<\/p>\n<p>Registro Sanitario: DE-3916<br \/>\nInformaci\u00f3n del Producto<br \/>\nRegulaci\u00f3n antidopaje para deportistas<\/p>\n","protected":false},"excerpt":{"rendered":"<p>Detalles del producto Suplemento diet\u00e9tico con ingredientes que contribuyen al metabolismo energ\u00e9tico normal y ayudan al equilibrio del peso corporal. Descripcion BRN c\u00e1psula es un suplemento diet\u00e9tico en base a complejo de bioflavonoides c\u00edtricos (Citrus spp), extracto de ra\u00edz de Coleus Forkohlii (Coleus Forkohlii), extracto de semilla de Mango Africano (Irvingia gabonensis), extracto de fruto [&hellip;]<\/p>\n","protected":false},"featured_media":818,"comment_status":"open","ping_status":"closed","template":"","meta":{"_joinchat":[]},"product_cat":[39],"product_tag":[],"class_list":["post-817","product","type-product","status-publish","has-post-thumbnail","hentry","product_cat-salud-y-bienestar"],"_links":{"self":[{"href":"https:\/\/cazziani.com\/index.php\/wp-json\/wp\/v2\/product\/817","targetHints":{"allow":["GET"]}}],"collection":[{"href":"https:\/\/cazziani.com\/index.php\/wp-json\/wp\/v2\/product"}],"about":[{"href":"https:\/\/cazziani.com\/index.php\/wp-json\/wp\/v2\/types\/product"}],"replies":[{"embeddable":true,"href":"https:\/\/cazziani.com\/index.php\/wp-json\/wp\/v2\/comments?post=817"}],"version-history":[{"count":6,"href":"https:\/\/cazziani.com\/index.php\/wp-json\/wp\/v2\/product\/817\/revisions"}],"predecessor-version":[{"id":872,"href":"https:\/\/cazziani.com\/index.php\/wp-json\/wp\/v2\/product\/817\/revisions\/872"}],"wp:featuredmedia":[{"embeddable":true,"href":"https:\/\/cazziani.com\/index.php\/wp-json\/wp\/v2\/media\/818"}],"wp:attachment":[{"href":"https:\/\/cazziani.com\/index.php\/wp-json\/wp\/v2\/media?parent=817"}],"wp:term":[{"taxonomy":"product_cat","embeddable":true,"href":"https:\/\/cazziani.com\/index.php\/wp-json\/wp\/v2\/product_cat?post=817"},{"taxonomy":"product_tag","embeddable":true,"href":"https:\/\/cazziani.com\/index.php\/wp-json\/wp\/v2\/product_tag?post=817"}],"curies":[{"name":"wp","href":"https:\/\/api.w.org\/{rel}","templated":true}]}}