{"id":825,"date":"2023-09-07T01:13:48","date_gmt":"2023-09-06T23:13:48","guid":{"rendered":"https:\/\/cazziani.com\/?post_type=product&#038;p=825"},"modified":"2023-09-07T06:12:34","modified_gmt":"2023-09-07T04:12:34","slug":"visitari","status":"publish","type":"product","link":"https:\/\/cazziani.com\/index.php\/product\/visitari\/","title":{"rendered":"4LIFE TRANSFER FACTOR VISTARI, FRASCO DE 60 UNIDADES"},"content":{"rendered":"<p>Detalles del producto<br \/>\n4Life Transfer Factor Vistari ofrece respaldo espec\u00edfico para la visi\u00f3n y la salud de los ojos. Contiene lute\u00edna y zeaxantina, as\u00ed como ingredientes que dan respaldo a la vista y salud ocular.<br \/>\n-Los extractos de valla de ar\u00e1ndano y grosella negra brindan respaldo antioxidantes para los ojos.<br \/>\n-La vitamina A contribuye al mantenimiento de la visi\u00f3n en condiciones normales y al funcionamiento normal del sistema inmunitario.<br \/>\n-La vitamina C contribuye a la protecci\u00f3n de las c\u00e9lulas frente al da\u00f1o oxidativo, a la formaci\u00f3n normal de col\u00e1geno, para el funcionamiento normal de la piel y al funcionamiento normal del sistema inmunitario.<br \/>\n-La vitamina E contribuye a la protecci\u00f3n de las c\u00e9lulas, frente al da\u00f1o oxidativo.<\/p>\n<p>Modo de empleo:<br \/>\n-Consumir una capsula al d\u00eda.<br \/>\n-Asegurarse de ingerir con un vaso de 240ml de agua.<\/p>\n<p>Recomendaci\u00f3n:<br \/>\n-Almacenar en un lugar fresco y seco.<\/p>\n<p>DE-3096<\/p>\n","protected":false},"excerpt":{"rendered":"<p>Detalles del producto 4Life Transfer Factor Vistari ofrece respaldo espec\u00edfico para la visi\u00f3n y la salud de los ojos. Contiene lute\u00edna y zeaxantina, as\u00ed como ingredientes que dan respaldo a la vista y salud ocular. -Los extractos de valla de ar\u00e1ndano y grosella negra brindan respaldo antioxidantes para los ojos. -La vitamina A contribuye al [&hellip;]<\/p>\n","protected":false},"featured_media":826,"comment_status":"open","ping_status":"closed","template":"","meta":{"_joinchat":[]},"product_cat":[39],"product_tag":[],"class_list":["post-825","product","type-product","status-publish","has-post-thumbnail","hentry","product_cat-salud-y-bienestar"],"_links":{"self":[{"href":"https:\/\/cazziani.com\/index.php\/wp-json\/wp\/v2\/product\/825","targetHints":{"allow":["GET"]}}],"collection":[{"href":"https:\/\/cazziani.com\/index.php\/wp-json\/wp\/v2\/product"}],"about":[{"href":"https:\/\/cazziani.com\/index.php\/wp-json\/wp\/v2\/types\/product"}],"replies":[{"embeddable":true,"href":"https:\/\/cazziani.com\/index.php\/wp-json\/wp\/v2\/comments?post=825"}],"version-history":[{"count":8,"href":"https:\/\/cazziani.com\/index.php\/wp-json\/wp\/v2\/product\/825\/revisions"}],"predecessor-version":[{"id":874,"href":"https:\/\/cazziani.com\/index.php\/wp-json\/wp\/v2\/product\/825\/revisions\/874"}],"wp:featuredmedia":[{"embeddable":true,"href":"https:\/\/cazziani.com\/index.php\/wp-json\/wp\/v2\/media\/826"}],"wp:attachment":[{"href":"https:\/\/cazziani.com\/index.php\/wp-json\/wp\/v2\/media?parent=825"}],"wp:term":[{"taxonomy":"product_cat","embeddable":true,"href":"https:\/\/cazziani.com\/index.php\/wp-json\/wp\/v2\/product_cat?post=825"},{"taxonomy":"product_tag","embeddable":true,"href":"https:\/\/cazziani.com\/index.php\/wp-json\/wp\/v2\/product_tag?post=825"}],"curies":[{"name":"wp","href":"https:\/\/api.w.org\/{rel}","templated":true}]}}