{"id":830,"date":"2023-09-07T04:45:30","date_gmt":"2023-09-07T02:45:30","guid":{"rendered":"https:\/\/cazziani.com\/?post_type=product&#038;p=830"},"modified":"2023-09-07T06:12:09","modified_gmt":"2023-09-07T04:12:09","slug":"4life-transfer-factor-renuvo-120-unidades","status":"publish","type":"product","link":"https:\/\/cazziani.com\/index.php\/product\/4life-transfer-factor-renuvo-120-unidades\/","title":{"rendered":"4LIFE TRANSFER FACTOR RENUVO, FRASCO DE 120 UNIDADES"},"content":{"rendered":"<p>Detalles del producto<br \/>\nRenuvo\u00ae es una f\u00f3rmula para cualquier persona mayor de 18 a\u00f1os que busca un respaldo ante a los factores estresantes de la vida diaria, como la mala alimentaci\u00f3n, ejercicios intensos. Incluye 4Life Transfer Factor\u00ae que respalda la alimentaci\u00f3n. Incluye 4Life Transfer Factor que respalda la alimentaci\u00f3n adem\u00e1s de todos los beneficios de la vitamina D y el zinc.<\/p>\n<p>Modo de empleo:<br \/>\n-Consumir 2 capsulas al d\u00eda.<br \/>\n-Asegurarse de ingerir con un vaso de 240ml de agua.<\/p>\n<p>D9603216E\/NA4LF<\/p>\n","protected":false},"excerpt":{"rendered":"<p>Detalles del producto Renuvo\u00ae es una f\u00f3rmula para cualquier persona mayor de 18 a\u00f1os que busca un respaldo ante a los factores estresantes de la vida diaria, como la mala alimentaci\u00f3n, ejercicios intensos. Incluye 4Life Transfer Factor\u00ae que respalda la alimentaci\u00f3n. Incluye 4Life Transfer Factor que respalda la alimentaci\u00f3n adem\u00e1s de todos los beneficios de [&hellip;]<\/p>\n","protected":false},"featured_media":831,"comment_status":"open","ping_status":"closed","template":"","meta":{"_joinchat":[]},"product_cat":[39],"product_tag":[],"class_list":["post-830","product","type-product","status-publish","has-post-thumbnail","hentry","product_cat-salud-y-bienestar"],"_links":{"self":[{"href":"https:\/\/cazziani.com\/index.php\/wp-json\/wp\/v2\/product\/830","targetHints":{"allow":["GET"]}}],"collection":[{"href":"https:\/\/cazziani.com\/index.php\/wp-json\/wp\/v2\/product"}],"about":[{"href":"https:\/\/cazziani.com\/index.php\/wp-json\/wp\/v2\/types\/product"}],"replies":[{"embeddable":true,"href":"https:\/\/cazziani.com\/index.php\/wp-json\/wp\/v2\/comments?post=830"}],"version-history":[{"count":7,"href":"https:\/\/cazziani.com\/index.php\/wp-json\/wp\/v2\/product\/830\/revisions"}],"predecessor-version":[{"id":873,"href":"https:\/\/cazziani.com\/index.php\/wp-json\/wp\/v2\/product\/830\/revisions\/873"}],"wp:featuredmedia":[{"embeddable":true,"href":"https:\/\/cazziani.com\/index.php\/wp-json\/wp\/v2\/media\/831"}],"wp:attachment":[{"href":"https:\/\/cazziani.com\/index.php\/wp-json\/wp\/v2\/media?parent=830"}],"wp:term":[{"taxonomy":"product_cat","embeddable":true,"href":"https:\/\/cazziani.com\/index.php\/wp-json\/wp\/v2\/product_cat?post=830"},{"taxonomy":"product_tag","embeddable":true,"href":"https:\/\/cazziani.com\/index.php\/wp-json\/wp\/v2\/product_tag?post=830"}],"curies":[{"name":"wp","href":"https:\/\/api.w.org\/{rel}","templated":true}]}}